{"id":53,"date":"2021-03-29T18:39:25","date_gmt":"2021-03-29T17:39:25","guid":{"rendered":"https:\/\/zwik-stronie.pl\/?page_id=53"},"modified":"2024-04-24T11:06:39","modified_gmt":"2024-04-24T10:06:39","slug":"kontakt","status":"publish","type":"page","link":"https:\/\/zwik-stronie.pl\/?page_id=53","title":{"rendered":"Kontakt"},"content":{"rendered":"\n<div class=\"wp-block-columns is-layout-flex wp-container-core-columns-is-layout-9d6595d7 wp-block-columns-is-layout-flex\">\n<div class=\"wp-block-column is-layout-flow wp-block-column-is-layout-flow\" style=\"flex-basis:100%\">\n<div class=\"wp-block-columns is-layout-flex wp-container-core-columns-is-layout-9d6595d7 wp-block-columns-is-layout-flex\">\n<div class=\"wp-block-column is-layout-flow wp-block-column-is-layout-flow\">\n<p class=\"has-text-align-left\"><strong>Kadry-sekretariat<\/strong><br>Tel: 74 811 54 60<br>e-mail:  <a href=\"mailto:zwik@stronie.pl\">zwik@stronie.pl<\/a><\/p>\n\n\n\n<p class=\"has-text-align-left\">Spec.ds.Kadr \u2013 Olga Ezery\u0144ska<br><a href=\"mailto:o.ezerynska@stronie.pl\">o.ezerynska@stronie.pl<\/a><\/p>\n\n\n\n<p class=\"has-text-align-left\"><strong>Ksi\u0119gowo\u015b\u0107<\/strong><br>Tel \u2013 74 811 54 64<br>G\u0142\u00f3wna Ksi\u0119gowa &#8211; El\u017cbieta Biega\u0144ska<br><a href=\"mailto:e.bieganska@stronie.pl\">e.bieganska@stronie.pl<\/a><\/p>\n\n\n\n<p class=\"has-text-align-left\"><strong>Dzia\u0142 Rozlicze\u0144<\/strong><br>Tel: 74 811 54 62<br>Spec.ds. Rozlicze\u0144 \u2013 Aleksandra Soroko<br><a href=\"mailto:rozliczenia@stronie.pl\">rozliczenia@stronie.pl<\/a><\/p>\n\n\n\n<p class=\"has-text-align-left\"><strong>Dzia\u0142 Techniczny<\/strong><br>Tel: 74 811 54 61<br>Kier. ZWiK Sp. z o.o. \u2013 Waldemar Pacek<br><a href=\"mailto:w.pacek@stronie.pl\">w.pacek@stronie.pl<\/a><\/p>\n\n\n\n<p class=\"has-text-align-left\"><strong>Oczyszczalnia<\/strong><br>Tel: 74 811 54 65<br>Fax: 74 811 54 69<br><a href=\"mailto:zwik@stronie.pl\">zwik@stronie.pl<\/a><br>Telefon dy\u017curny &#8211; 603782670<\/p>\n\n\n\n<p>Konserwatorzy sieci -tel. dy\u017curny &#8211; <strong>601058027<\/strong><\/p>\n<\/div>\n\n\n\n<div class=\"wp-block-column is-layout-flow wp-block-column-is-layout-flow\">\n<p class=\"has-text-align-center\"><strong>Zak\u0142ad Wodoci\u0105g\u00f3w i Kanalizacji Sp. z o.o<\/strong><\/p>\n\n\n\n<p class=\"has-text-align-center\">STRACHOCIN 39<br>57-550 Stronie \u015al\u0105skie<\/p>\n\n\n\n<p class=\"has-text-align-center\">Regon 021528756<br>NIP 881 148 63 19<br>KRS 0000389259<\/p>\n\n\n\n<p class=\"has-text-align-center\"><strong>Godziny pracy: <\/strong><br>pon-pi\u0105tek \u2013 od 7 00 \u2013 15 00<br>e-mail: <a href=\"mailto:zwik@stronie.pl\">zwik@stronie.pl<\/a><\/p>\n\n\n\n<p>Sp\u00f3\u0142k\u0105 zarz\u0105dza &#8211; <strong>Prezes mgr in\u017c. Stanis\u0142aw Ja\u015bkiewicz<\/strong><\/p>\n\n\n\n<p class=\"has-text-align-center\"><strong>Nr. rachunku bankowego:<\/strong><br>Gospodarczy Bank Sp\u00f3\u0142dzielczy w Strzelinie o\/Stronie \u015al\u0105skie<br>04 9588 0004 4202 1988 2000 0010<\/p>\n\n\n\n<p class=\"has-text-align-center\"><strong>Adres sp\u00f3\u0142ki<\/strong><br>STRACHOCIN 39<br>57-550 Stronie \u015al\u0105skie<\/p>\n<\/div>\n<\/div>\n\n\n<div class=\"wpforms-container wpforms-container-full wpforms-block wpforms-block-d651a179-e5f1-4f64-8fee-804ab158734f\" id=\"wpforms-87\"><form id=\"wpforms-form-87\" class=\"wpforms-validate wpforms-form\" data-formid=\"87\" method=\"post\" enctype=\"multipart\/form-data\" action=\"\/index.php?rest_route=%2Fwp%2Fv2%2Fpages%2F53\" data-token=\"fccf99458c4e928e02636855056a6659\" data-token-time=\"1776209621\"><noscript class=\"wpforms-error-noscript\">Aby wype\u0142ni\u0107 ten formularz, w\u0142\u0105cz obs\u0142ug\u0119 JavaScript w przegl\u0105darce.<\/noscript><div class=\"wpforms-field-container\"><div id=\"wpforms-87-field_0-container\" class=\"wpforms-field wpforms-field-name\" data-field-id=\"0\"><label class=\"wpforms-field-label\" for=\"wpforms-87-field_0\">Imi\u0119 i Nazwisko <span class=\"wpforms-required-label\">*<\/span><\/label><div class=\"wpforms-field-row wpforms-field-large\"><div class=\"wpforms-field-row-block wpforms-first wpforms-one-half\"><input type=\"text\" id=\"wpforms-87-field_0\" class=\"wpforms-field-name-first wpforms-field-required\" name=\"wpforms[fields][0][first]\" placeholder=\"Imi\u0119\" required><label for=\"wpforms-87-field_0\" class=\"wpforms-field-sublabel after wpforms-sublabel-hide\">Imi\u0119<\/label><\/div><div class=\"wpforms-field-row-block wpforms-one-half\"><input type=\"text\" id=\"wpforms-87-field_0-last\" class=\"wpforms-field-name-last wpforms-field-required\" name=\"wpforms[fields][0][last]\" placeholder=\"Na\u017cwisko\" required><label for=\"wpforms-87-field_0-last\" class=\"wpforms-field-sublabel after wpforms-sublabel-hide\">Nazwisko<\/label><\/div><\/div><\/div><div id=\"wpforms-87-field_1-container\" class=\"wpforms-field wpforms-field-email\" data-field-id=\"1\"><label class=\"wpforms-field-label\" for=\"wpforms-87-field_1\">Email <span class=\"wpforms-required-label\">*<\/span><\/label><input type=\"email\" id=\"wpforms-87-field_1\" class=\"wpforms-field-large wpforms-field-required\" name=\"wpforms[fields][1]\" placeholder=\"podaj sw\u00f3j adres e-mail\" spellcheck=\"false\" required><\/div><div id=\"wpforms-87-field_2-container\" class=\"wpforms-field wpforms-field-textarea\" data-field-id=\"2\"><label class=\"wpforms-field-label\" for=\"wpforms-87-field_2\">Wiadomo\u015b\u0107 <span class=\"wpforms-required-label\">*<\/span><\/label><textarea id=\"wpforms-87-field_2\" class=\"wpforms-field-medium wpforms-field-required\" name=\"wpforms[fields][2]\" required><\/textarea><\/div><\/div><!-- .wpforms-field-container --><div class=\"wpforms-submit-container\" ><input type=\"hidden\" name=\"wpforms[id]\" value=\"87\"><input type=\"hidden\" name=\"page_title\" value=\"\"><input type=\"hidden\" name=\"page_url\" value=\"https:\/\/zwik-stronie.pl\/index.php?rest_route=%2Fwp%2Fv2%2Fpages%2F53\"><button type=\"submit\" name=\"wpforms[submit]\" id=\"wpforms-submit-87\" class=\"wpforms-submit\" data-alt-text=\"Wysy\u0142anie..\" data-submit-text=\"Wy\u015blij wiadomo\u015b\u0107\" aria-live=\"assertive\" value=\"wpforms-submit\">Wy\u015blij wiadomo\u015b\u0107<\/button><\/div><\/form><\/div>  <!-- .wpforms-container --><\/div>\n<\/div>\n\n\n<p><iframe src=\"https:\/\/www.google.com\/maps\/embed?pb=!1m14!1m8!1m3!1d1680.988947862546!2d16.88032170038424!3d50.312393469156596!3m2!1i1024!2i768!4f13.1!3m3!1m2!1s0x0%3A0x4881b22c68c00d8a!2sOczyszczalnia%20%C5%9Aciek%C3%B3w%20Strachocin.%20Zak%C5%82ad%20Wodoci%C4%85g%C3%B3w%20i%20Kanalizacji%20w%20L%C4%85dku%20Zdroju!5e0!3m2!1spl!2spl!4v1617734793897!5m2!1spl!2spl\" style=\"border:0;\" allowfullscreen=\"\" loading=\"lazy\" width=\"100%\" height=\"300\"><\/iframe><\/p>","protected":false},"excerpt":{"rendered":"<div class=\"mh-excerpt\"><p>Kadry-sekretariatTel: 74 811 54 60e-mail: zwik@stronie.pl Spec.ds.Kadr \u2013 Olga Ezery\u0144skao.ezerynska@stronie.pl Ksi\u0119gowo\u015b\u0107Tel \u2013 74 811 54 64G\u0142\u00f3wna Ksi\u0119gowa &#8211; El\u017cbieta Biega\u0144skae.bieganska@stronie.pl Dzia\u0142 Rozlicze\u0144Tel: 74 811 54 <a class=\"mh-excerpt-more\" href=\"https:\/\/zwik-stronie.pl\/?page_id=53\" title=\"Kontakt\">[&#8230;]<\/a><\/p>\n<\/div>","protected":false},"author":1,"featured_media":0,"parent":0,"menu_order":0,"comment_status":"closed","ping_status":"closed","template":"template-full.php","meta":{"footnotes":""},"class_list":["post-53","page","type-page","status-publish","hentry"],"_links":{"self":[{"href":"https:\/\/zwik-stronie.pl\/index.php?rest_route=\/wp\/v2\/pages\/53","targetHints":{"allow":["GET"]}}],"collection":[{"href":"https:\/\/zwik-stronie.pl\/index.php?rest_route=\/wp\/v2\/pages"}],"about":[{"href":"https:\/\/zwik-stronie.pl\/index.php?rest_route=\/wp\/v2\/types\/page"}],"author":[{"embeddable":true,"href":"https:\/\/zwik-stronie.pl\/index.php?rest_route=\/wp\/v2\/users\/1"}],"replies":[{"embeddable":true,"href":"https:\/\/zwik-stronie.pl\/index.php?rest_route=%2Fwp%2Fv2%2Fcomments&post=53"}],"version-history":[{"count":64,"href":"https:\/\/zwik-stronie.pl\/index.php?rest_route=\/wp\/v2\/pages\/53\/revisions"}],"predecessor-version":[{"id":352,"href":"https:\/\/zwik-stronie.pl\/index.php?rest_route=\/wp\/v2\/pages\/53\/revisions\/352"}],"wp:attachment":[{"href":"https:\/\/zwik-stronie.pl\/index.php?rest_route=%2Fwp%2Fv2%2Fmedia&parent=53"}],"curies":[{"name":"wp","href":"https:\/\/api.w.org\/{rel}","templated":true}]}}