{"id":175,"date":"2021-04-06T20:39:57","date_gmt":"2021-04-06T19:39:57","guid":{"rendered":"https:\/\/zwik-stronie.pl\/?page_id=175"},"modified":"2024-08-01T08:24:51","modified_gmt":"2024-08-01T07:24:51","slug":"wynajem-sprzetu","status":"publish","type":"page","link":"https:\/\/zwik-stronie.pl\/?page_id=175","title":{"rendered":"Wynajem sprz\u0119tu"},"content":{"rendered":"\n<div class=\"wp-block-columns is-layout-flex wp-container-core-columns-is-layout-9d6595d7 wp-block-columns-is-layout-flex\">\n<div class=\"wp-block-column is-layout-flow wp-block-column-is-layout-flow\">\n<h3>REGULAMIN \u015aWIADCZENIA US\u0141UG W ZAKRESIE WYNAJMU SPRZ\u0118TU I URZ\u0104DZE\u0143 PRZEZ ZAK\u0141AD WODOCI\u0104G\u00d3W I KANALIZACJI SP\u00d3\u0141KA Z O.O. Z SIEDZIB\u0104 W STRACHOCINIE 39<\/h3>\n<p>Niniejszy regulamin okre\u015bla zasady \u015bwiadczenia us\u0142ug wynajmu posiadanego sprz\u0119tu i urz\u0105dze\u0144&nbsp; b\u0119d\u0105cych w dyspozycji ZWiK Sp z o.o.<\/p>\n<p>1. Wynajmuj\u0105cym&nbsp; mo\u017ce by\u0107 ka\u017cda osoba pe\u0142noletnia przedsi\u0119biorca lub jednostka organizacyjna , kt\u00f3ra spe\u0142ni warunki niniejszego Regulaminu<\/p>\n<p>2. Wynajem sprz\u0119tu nast\u0119puje po spe\u0142nieniu nast\u0119puj\u0105cych warunk\u00f3w;<\/p>\n<ul>\n<li>z\u0142o\u017cenie przez&nbsp; wynajmuj\u0105cego pisemnego zlecenia okre\u015blaj\u0105cego dat\u0119 , rodzaj sprz\u0119tu oraz przewidywany okres wynaj\u0119cia . W zleceniu nale\u017cy poda\u0107 dane niezb\u0119dne do wystawienia faktury VAT.&nbsp; &nbsp;<\/li>\n<\/ul>\n<p>Ka\u017cdorazowo termin wykonania us\u0142ugi nale\u017cy uzgodni\u0107 z kierownikiem.<\/p>\n<ul>\n<li>wynajmuj\u0105cy wp\u0142aca w kasie sp\u00f3\u0142ki zaliczk\u0119 wynosz\u0105c\u0105 50 %&nbsp; przewidywanej ceny us\u0142ugi , kt\u00f3ra przepada na rzecz sp\u00f3\u0142ki w przypadku rezygnacji z us\u0142ugi bez podania racjonalnej przyczyny<\/li>\n<li>&nbsp;w przypadkach szczeg\u00f3lnych&nbsp; za zgod\u0105 prezesa sp\u00f3\u0142ka mo\u017ce odst\u0105pi\u0107 od wp\u0142aty zaliczki<\/li>\n<li>&nbsp;w przypadku braku potwierdzonej wp\u0142aty nie gwarantujemy rezerwacji sprz\u0119tu .<\/li>\n<\/ul>\n<p>3. Sprz\u0119t wynajmowany jest z pe\u0142n\u0105 obs\u0142ug\u0105 przez pracownik\u00f3w sp\u00f3\u0142ki. Czas wynajmu liczony jest od momentu wyjazdu z bazy , kt\u00f3ry operator zaznacza w karcie pojazdu lub raporcie pracy. Do czasu pracy nie b\u0119dzie wliczany czas awarii sprz\u0119tu.<\/p>\n<p>4. Posiadany sprz\u0119t mo\u017ce wykonywa\u0107 tylko te prace , do kt\u00f3rych jest przeznaczony. Us\u0142uga wynajmu sprz\u0119tu nie jest r\u00f3wnoznaczna z wykonaniem konkretnego zadania . Klient pokrywa wszystkie poniesione koszty wynajmu zgodnie z obowi\u0105zuj\u0105cym cennikiem .<\/p>\n<p>5. Obowi\u0105zuj\u0105cy cennik \u015bwiadczonych us\u0142ug zawiera cen\u0119 netto , do kt\u00f3rej dolicza si\u0119 nale\u017cny podatek VAT. Aktualizacj\u0119 cen us\u0142ug przeprowadza si\u0119 raz w roku.<\/p>\n<p>6. Faktura za wykonan\u0105 us\u0142ug\u0119 b\u0119dzie wystawiona w terminie 7 dni na podstawie wystawionej karty lub raportu pracy sprz\u0119tu i obowi\u0105zuj\u0105cych cen.<\/p>\n<p>7. Wycena us\u0142ug , kt\u00f3rych nie ma w cenniku b\u0119dzie dokonywana na podstawie faktycznie poniesionych koszt\u00f3w z uwzgl\u0119dnieniem zysku. \u015awiadczone us\u0142ugi nie wycenione w cenniku us\u0142ug b\u0119d\u0105 ka\u017cdorazowo&nbsp; negocjowane indywidualnie i potwierdzone w zleceniu podpisem Prezesa.<\/p>\n<p>8. Zak\u0142ad Wodoci\u0105g\u00f3w i Kanalizacji z o.o. nie ponosi odpowiedzialno\u015bci za straty z tytu\u0142u ewentualnych usterek sprz\u0119tu w czasie okresu najmu.<\/p>\n<\/div>\n\n\n\n<div class=\"wp-block-column is-layout-flow wp-block-column-is-layout-flow\">\n<h1 style=\"text-align: center;\">CENNIK<\/h1>\n<p style=\"text-align: center;\"><strong>us\u0142ug \u015bwiadczonych przez ZWiK Sp. z o.o.\u00a0 <\/strong><strong>w Stroniu \u015al\u0105skim z siedzib\u0105 w Strachocinie 39<\/strong><\/p>\n<table>\n<tbody>\n<tr>\n<td width=\"35\">\n<p><strong>Lp<\/strong><\/p>\n<\/td>\n<td width=\"269\">\n<p><strong>Nazwa us\u0142ugi<\/strong><\/p>\n<\/td>\n<td width=\"108\">\n<p><strong>Jednostka <\/strong><\/p>\n<\/td>\n<td width=\"156\">\n<p><strong>Cena\u00a0 \/z\u0142 \/-netto<\/strong><\/p>\n<\/td>\n<\/tr>\n<tr>\n<td width=\"35\">\n<p><strong>1<\/strong><\/p>\n<\/td>\n<td width=\"269\">\n<p><strong>Praca koparki CASE<\/strong><\/p>\n<\/td>\n<td width=\"108\">\n<p><strong>godzina<\/strong><\/p>\n<\/td>\n<td width=\"156\">\n<p><strong>100,0<\/strong><\/p>\n<\/td>\n<\/tr>\n<tr>\n<td width=\"35\">\n<p><strong>2<\/strong><\/p>\n<\/td>\n<td width=\"269\">\n<p><strong>Praca urz\u0105dzenia ci\u015bnieniowego Orkan \u00a0<\/strong><\/p>\n<\/td>\n<td width=\"108\">\n<p><strong>godzina<\/strong><\/p>\n<\/td>\n<td width=\"156\">\n<p><strong>300,0<\/strong><\/p>\n<\/td>\n<\/tr>\n<tr>\n<td width=\"35\">\n<p><strong>3<\/strong><\/p>\n<\/td>\n<td width=\"269\">\n<p><strong>Praca agregatu pr\u0105dotw\u00f3rczego ECT-6500<\/strong><\/p>\n<\/td>\n<td width=\"108\">\n<p><strong>godzina<\/strong><\/p>\n<\/td>\n<td width=\"156\">\n<p><strong>75,0<\/strong><\/p>\n<\/td>\n<\/tr>\n<tr>\n<td width=\"35\">\n<p><strong>4<\/strong><\/p>\n<\/td>\n<td width=\"269\">\n<p><strong>Praca kamery inspekcyjnej<\/strong><\/p>\n<\/td>\n<td width=\"108\">\n<p><strong>godzina<\/strong><\/p>\n<\/td>\n<td width=\"156\">\n<p><strong>50,0<\/strong><\/p>\n<\/td>\n<\/tr>\n<tr>\n<td width=\"35\">\n<p><strong>5<\/strong><\/p>\n<\/td>\n<td width=\"269\">\n<p><strong>Praca stopy wibracyjnej \u00a0RT-66<\/strong><\/p>\n<\/td>\n<td width=\"108\">\n<p><strong>godzina<\/strong><\/p>\n<\/td>\n<td width=\"156\">\n<p><strong>79,0<\/strong><\/p>\n<\/td>\n<\/tr>\n<tr>\n<td width=\"35\">\n<p><strong>6<\/strong><\/p>\n<\/td>\n<td width=\"269\">\n<p><strong>Praca zag\u0119szczarki wibracyjnej MS90<\/strong><\/p>\n<\/td>\n<td width=\"108\">\n<p><strong>godzina<\/strong><\/p>\n<\/td>\n<td width=\"156\">\n<p><strong>79,0<\/strong><\/p>\n<\/td>\n<\/tr>\n<tr>\n<td width=\"35\">\n<p><strong>7<\/strong><\/p>\n<\/td>\n<td width=\"269\">\n<p><strong>Praca m\u0142ota spalinowego BH-23<\/strong><\/p>\n<\/td>\n<td width=\"108\">\n<p><strong>godzina<\/strong><\/p>\n<\/td>\n<td width=\"156\">\n<p><strong>79,0<\/strong><\/p>\n<\/td>\n<\/tr>\n<tr>\n<td width=\"35\">\n<p><strong>8<\/strong><\/p>\n<\/td>\n<td width=\"269\">\n<p><strong>Praca pojazdu Renault Master <\/strong><\/p>\n<\/td>\n<td width=\"108\">\n<p><strong>godzina<\/strong><\/p>\n<p><strong>1 kilometr<\/strong><\/p>\n<\/td>\n<td width=\"156\">\n<p><strong>100,0 <\/strong><\/p>\n<p><strong>1,8 <\/strong><\/p>\n<\/td>\n<\/tr>\n<tr>\n<td width=\"35\">\n<p><strong>9<\/strong><\/p>\n<\/td>\n<td width=\"269\">\n<p><strong>Praca przecinarki do asfaltu <\/strong><\/p>\n<\/td>\n<td width=\"108\">\n<p><strong>1 metr<\/strong><\/p>\n<\/td>\n<td width=\"156\">\n<p><strong>10,0 <\/strong><\/p>\n<\/td>\n<\/tr>\n<tr>\n<td width=\"35\">\n<p><strong>10 <\/strong><\/p>\n<\/td>\n<td width=\"269\">\n<p><strong>\u00a0Wynajem korelatora i stetofonu <\/strong><\/p>\n<\/td>\n<td width=\"108\">\n<p><strong>1 doba<\/strong><\/p>\n<\/td>\n<td width=\"156\">\n<p><strong>50,0 <\/strong><\/p>\n<\/td>\n<\/tr>\n<tr>\n<td width=\"35\">\n<p><strong>11<\/strong><\/p>\n<\/td>\n<td width=\"269\">\n<p><strong>Wynajem pojemnika siatkowego 1m3 na wod\u0119<\/strong><\/p>\n<\/td>\n<td width=\"108\">\n<p><strong>1 doba <\/strong><\/p>\n<\/td>\n<td width=\"156\">\n<p><strong>5,0 <\/strong><\/p>\n<\/td>\n<\/tr>\n<tr>\n<td width=\"35\">\n<p><strong>12<\/strong><\/p>\n<\/td>\n<td width=\"269\">\n<p><strong>Wynajem przyczepki o \u0142adowno\u015bci 550 kg<\/strong><\/p>\n<\/td>\n<td width=\"108\">\n<p><strong>1 doba<\/strong><\/p>\n<\/td>\n<td width=\"156\">\n<p><strong>25,0<\/strong><\/p>\n<\/td>\n<\/tr>\n<tr>\n<td width=\"35\">\n<p><strong>13<\/strong><\/p>\n<\/td>\n<td width=\"269\">\n<p><strong>Stawka roboczo-godziny<\/strong><\/p>\n<p><strong>pracownika konserwacji<\/strong><\/p>\n<\/td>\n<td width=\"108\">\n<p><strong>1 r-g<\/strong><\/p>\n<\/td>\n<td width=\"156\">\n<p><strong>27,0<\/strong><\/p>\n<\/td>\n<\/tr>\n<tr>\n<td width=\"35\">\n<p><strong>14<\/strong><\/p>\n<\/td>\n<td width=\"269\">\n<p><strong>Rycza\u0142towa kwota za demonta\u017c i monta\u017c wodomierza<\/strong><\/p>\n<\/td>\n<td width=\"108\">\n<p><strong>\u00a0<\/strong><\/p>\n<\/td>\n<td width=\"156\">\n<p><strong>122,0<\/strong><\/p>\n<\/td>\n<\/tr>\n<\/tbody>\n<\/table>\n<ul>\n<li><strong>pozosta\u0142e us\u0142ugi b\u0119d\u0105 obj\u0119te kalkulacj\u0105 indywidualn\u0105 \u00a0\u00a0<\/strong><\/li>\n<\/ul>\n<\/div>\n<\/div>\n","protected":false},"excerpt":{"rendered":"<div class=\"mh-excerpt\"><p>REGULAMIN \u015aWIADCZENIA US\u0141UG W ZAKRESIE WYNAJMU SPRZ\u0118TU I URZ\u0104DZE\u0143 PRZEZ ZAK\u0141AD WODOCI\u0104G\u00d3W I KANALIZACJI SP\u00d3\u0141KA Z O.O. Z SIEDZIB\u0104 W STRACHOCINIE 39 Niniejszy regulamin okre\u015bla <a class=\"mh-excerpt-more\" href=\"https:\/\/zwik-stronie.pl\/?page_id=175\" title=\"Wynajem sprz\u0119tu\">[&#8230;]<\/a><\/p>\n<\/div>","protected":false},"author":1,"featured_media":0,"parent":0,"menu_order":0,"comment_status":"closed","ping_status":"closed","template":"template-full.php","meta":{"footnotes":""},"class_list":["post-175","page","type-page","status-publish","hentry"],"_links":{"self":[{"href":"https:\/\/zwik-stronie.pl\/index.php?rest_route=\/wp\/v2\/pages\/175","targetHints":{"allow":["GET"]}}],"collection":[{"href":"https:\/\/zwik-stronie.pl\/index.php?rest_route=\/wp\/v2\/pages"}],"about":[{"href":"https:\/\/zwik-stronie.pl\/index.php?rest_route=\/wp\/v2\/types\/page"}],"author":[{"embeddable":true,"href":"https:\/\/zwik-stronie.pl\/index.php?rest_route=\/wp\/v2\/users\/1"}],"replies":[{"embeddable":true,"href":"https:\/\/zwik-stronie.pl\/index.php?rest_route=%2Fwp%2Fv2%2Fcomments&post=175"}],"version-history":[{"count":6,"href":"https:\/\/zwik-stronie.pl\/index.php?rest_route=\/wp\/v2\/pages\/175\/revisions"}],"predecessor-version":[{"id":371,"href":"https:\/\/zwik-stronie.pl\/index.php?rest_route=\/wp\/v2\/pages\/175\/revisions\/371"}],"wp:attachment":[{"href":"https:\/\/zwik-stronie.pl\/index.php?rest_route=%2Fwp%2Fv2%2Fmedia&parent=175"}],"curies":[{"name":"wp","href":"https:\/\/api.w.org\/{rel}","templated":true}]}}